{"id":167,"date":"2016-08-14T14:23:06","date_gmt":"2016-08-14T12:23:06","guid":{"rendered":"http:\/\/handball.ghb-hamburg.de\/?page_id=167"},"modified":"2019-11-21T17:44:17","modified_gmt":"2019-11-21T16:44:17","slug":"2-damen-berichte","status":"publish","type":"page","link":"https:\/\/ghb-hamburg.de\/handball\/2-damen-berichte\/","title":{"rendered":"2. Damen &#8211; Berichte"},"content":{"rendered":"<div id=\"pl-167\"  class=\"panel-layout\" ><div id=\"pg-167-0\"  class=\"panel-grid panel-no-style\" ><div id=\"pgc-167-0-0\"  class=\"panel-grid-cell\" ><div id=\"panel-167-0-0-0\" class=\"so-panel widget widget_nav_menu panel-first-child panel-last-child\" data-index=\"0\" ><div class=\"menu-2-damen-container\"><ul id=\"menu-2-damen\" class=\"menu\"><li id=\"menu-item-753\" class=\"menu-item menu-item-type-post_type menu-item-object-page menu-item-753\"><a href=\"https:\/\/ghb-hamburg.de\/handball\/2-damen\/\">2. Damen<\/a><\/li>\n<li id=\"menu-item-194\" class=\"menu-item menu-item-type-post_type menu-item-object-page menu-item-194\"><a href=\"https:\/\/ghb-hamburg.de\/handball\/2-damen-infos\/\">Infos<\/a><\/li>\n<li id=\"menu-item-193\" class=\"menu-item menu-item-type-post_type menu-item-object-page menu-item-193\"><a href=\"https:\/\/ghb-hamburg.de\/handball\/2-damen-kader\/\">Kader<\/a><\/li>\n<li id=\"menu-item-192\" class=\"menu-item menu-item-type-post_type menu-item-object-page menu-item-192\"><a href=\"https:\/\/ghb-hamburg.de\/handball\/2-damen-spielplan\/\">Spielplan<\/a><\/li>\n<li id=\"menu-item-191\" class=\"menu-item menu-item-type-post_type menu-item-object-page menu-item-191\"><a href=\"https:\/\/ghb-hamburg.de\/handball\/2-damen-tabelle\/\">Tabelle<\/a><\/li>\n<li id=\"menu-item-195\" class=\"menu-item menu-item-type-post_type menu-item-object-page menu-item-195\"><a href=\"https:\/\/ghb-hamburg.de\/handball\/2-damen-berichte\/\">Berichte<\/a><\/li>\n<\/ul><\/div><\/div><\/div><div id=\"pgc-167-0-1\"  class=\"panel-grid-cell\" ><div id=\"panel-167-0-1-0\" class=\"so-panel widget widget_sow-editor panel-first-child panel-last-child\" data-index=\"1\" ><div\n\t\t\t\n\t\t\tclass=\"so-widget-sow-editor so-widget-sow-editor-base\"\n\t\t\t\n\t\t><h3 class=\"widget-title\">Spiel am 26.10.2019: TV Billstedt 2 vs Billstedt Horn 33:22 (15:14)<\/h3>\n<div class=\"siteorigin-widget-tinymce textwidget\">\n\t<p>Im 4. Spiel der neuen Saison stand ein Treffen mit altbekannten Gegnern an.<\/p>\n<p>Nach vielen Begegnung in der Kreisklasse, nun die Begegnung mit Billstedt Horn in der Kreisliga.<\/p>\n<p>Nach einem anf\u00e4nglich guten Start in die erste Halbzeit, in der wir mit bis zu 4 Toren in F\u00fchrung gingen, verloren wir unseren Vorsprung durch un\u00fcberlegte Abschl\u00fcsse im Angriff und unklaren Absprachen in der Abwehr.<\/p>\n<p>So starteten wir die zweite Halbzeit mit einem Stand von 15:14.<\/p>\n<p>Klare Absprachen im Team, eine starke Abwehr und ein temporeicher Angriff sicherten uns erneut eine klare F\u00fchrung, die wir bis zum Ende beibehielten.<\/p>\n<p>Gro\u00dfer Dank vor allem an unsere Torsch\u00fctzenk\u00f6niginnen:<\/p>\n<p>Marie Klimpel, Jacqueline Wobbe und Maite Westphal, die uns mit jeweils 6 Toren zu einem Endstand von 33:22 verhalfen!<\/p>\n<p>Alles in allem ein gelungener Samstag und 2 Punkte f\u00fcr das Team!<\/p>\n<p>Wir sind bereit f\u00fcr das n\u00e4chste Spiel am 24.11.2019 um 19:30 Uhr gegen die SG Bergedorf\/VM im Ladenbeker Furtweg.<\/p>\n<\/div>\n<\/div><\/div><\/div><\/div><\/div>","protected":false},"excerpt":{"rendered":"<p>Im 4. Spiel der neuen Saison stand ein Treffen mit altbekannten Gegnern an. Nach vielen Begegnung in der Kreisklasse, nun die Begegnung mit Billstedt Horn in der Kreisliga. Nach einem anf\u00e4nglich guten Start in die erste Halbzeit, in der wir<\/p>\n","protected":false},"author":1,"featured_media":0,"parent":0,"menu_order":0,"comment_status":"closed","ping_status":"closed","template":"","meta":{"_mc_calendar":[],"footnotes":""},"class_list":["post-167","page","type-page","status-publish","hentry"],"_links":{"self":[{"href":"https:\/\/ghb-hamburg.de\/handball\/wp-json\/wp\/v2\/pages\/167","targetHints":{"allow":["GET"]}}],"collection":[{"href":"https:\/\/ghb-hamburg.de\/handball\/wp-json\/wp\/v2\/pages"}],"about":[{"href":"https:\/\/ghb-hamburg.de\/handball\/wp-json\/wp\/v2\/types\/page"}],"author":[{"embeddable":true,"href":"https:\/\/ghb-hamburg.de\/handball\/wp-json\/wp\/v2\/users\/1"}],"replies":[{"embeddable":true,"href":"https:\/\/ghb-hamburg.de\/handball\/wp-json\/wp\/v2\/comments?post=167"}],"version-history":[{"count":5,"href":"https:\/\/ghb-hamburg.de\/handball\/wp-json\/wp\/v2\/pages\/167\/revisions"}],"predecessor-version":[{"id":2140,"href":"https:\/\/ghb-hamburg.de\/handball\/wp-json\/wp\/v2\/pages\/167\/revisions\/2140"}],"wp:attachment":[{"href":"https:\/\/ghb-hamburg.de\/handball\/wp-json\/wp\/v2\/media?parent=167"}],"curies":[{"name":"wp","href":"https:\/\/api.w.org\/{rel}","templated":true}]}}