{"id":33,"date":"2016-07-20T13:47:53","date_gmt":"2016-07-20T11:47:53","guid":{"rendered":"http:\/\/handball.ghb-hamburg.de\/?page_id=33"},"modified":"2019-03-15T17:47:01","modified_gmt":"2019-03-15T16:47:01","slug":"schiedsrichter","status":"publish","type":"page","link":"https:\/\/ghb-hamburg.de\/handball\/schiedsrichter\/","title":{"rendered":"Schiedsrichter"},"content":{"rendered":"<h6 style=\"text-align: center;\">Liebe Handballer,<\/h6>\n<h6 style=\"text-align: center;\">was w\u00e4ren wir doch alle ohne die Schiedsrichter? Ohne diese w\u00fcrde kein Spiel stattfinden.<\/h6>\n<p>Oftmals wird die Leistung herabgesetzt oder nicht anerkannt, h\u00e4ufig m\u00fcssen Schiedsrichter P\u00f6beleien \u00fcber sich ergehen lassen. Und doch gibt es zum Gl\u00fcck immer wieder Freiwillige (!), die auch Spass an dieser T\u00e4tigkeit haben und sich nicht beirren lassen.<\/p>\n<h6 style=\"text-align: center;\">Wir m\u00f6chten uns hier einmal ausdr\u00fccklich bei den Schiedsrichtern bedanken und k\u00e4mpfen daf\u00fcr,<\/h6>\n<h6 style=\"text-align: center;\">dass ihre Leistung wieder mehr gew\u00fcrdigt wird.<\/h6>\n<p style=\"text-align: left;\">Vielen Spielern ist wohl nicht bewusst, dass mit jeder gemeldeten Mannschaft auch ein Schiedsrichter gestellt werden muss.<\/p>\n<p style=\"text-align: left;\">Ansonsten wird beim Verband eine <span style=\"text-decoration: underline;\">Strafe f\u00e4llig, die der Verein &#8211; das heisst die Mitglieder<\/span> &#8211; zahlen m\u00fcssen!<\/p>\n<p>Es n\u00fctzt aber niemandem, wenn die Strafen immer h\u00f6her und die Schiedsrichter immer weniger werden. Deshalb rufen wir dazu auf:<\/p>\n<h6 style=\"text-align: center;\"><span style=\"color: #ff0000;\">Macht einen Schiedsrichterschein &#8211; unsere Unterst\u00fctzung ist Euch gewiss!<\/span><\/h6>\n<p>Und wer das nicht m\u00f6chte, der m\u00f6ge die anderen <span style=\"text-decoration: underline;\">ihre Arbeit tun lassen und zahle in den Gemeinschaftstopf!<\/span><\/p>\n<p>Es gr\u00fc\u00dft der Handballvorstand<\/p>\n<p>&nbsp;<\/p>\n","protected":false},"excerpt":{"rendered":"<p>Liebe Handballer, was w\u00e4ren wir doch alle ohne die Schiedsrichter? Ohne diese w\u00fcrde kein Spiel stattfinden. Oftmals wird die Leistung herabgesetzt oder nicht anerkannt, h\u00e4ufig m\u00fcssen Schiedsrichter P\u00f6beleien \u00fcber sich ergehen lassen. Und doch gibt es zum Gl\u00fcck immer wieder<\/p>\n","protected":false},"author":1,"featured_media":0,"parent":0,"menu_order":0,"comment_status":"closed","ping_status":"closed","template":"","meta":{"_mc_calendar":[],"footnotes":""},"class_list":["post-33","page","type-page","status-publish","hentry"],"_links":{"self":[{"href":"https:\/\/ghb-hamburg.de\/handball\/wp-json\/wp\/v2\/pages\/33","targetHints":{"allow":["GET"]}}],"collection":[{"href":"https:\/\/ghb-hamburg.de\/handball\/wp-json\/wp\/v2\/pages"}],"about":[{"href":"https:\/\/ghb-hamburg.de\/handball\/wp-json\/wp\/v2\/types\/page"}],"author":[{"embeddable":true,"href":"https:\/\/ghb-hamburg.de\/handball\/wp-json\/wp\/v2\/users\/1"}],"replies":[{"embeddable":true,"href":"https:\/\/ghb-hamburg.de\/handball\/wp-json\/wp\/v2\/comments?post=33"}],"version-history":[{"count":6,"href":"https:\/\/ghb-hamburg.de\/handball\/wp-json\/wp\/v2\/pages\/33\/revisions"}],"predecessor-version":[{"id":1799,"href":"https:\/\/ghb-hamburg.de\/handball\/wp-json\/wp\/v2\/pages\/33\/revisions\/1799"}],"wp:attachment":[{"href":"https:\/\/ghb-hamburg.de\/handball\/wp-json\/wp\/v2\/media?parent=33"}],"curies":[{"name":"wp","href":"https:\/\/api.w.org\/{rel}","templated":true}]}}