{"id":735,"date":"2016-09-30T22:37:02","date_gmt":"2016-09-30T20:37:02","guid":{"rendered":"http:\/\/handball.ghb-hamburg.de\/?page_id=735"},"modified":"2023-06-21T15:51:23","modified_gmt":"2023-06-21T13:51:23","slug":"me-jugend-kader","status":"publish","type":"page","link":"https:\/\/ghb-hamburg.de\/handball\/me-jugend-kader\/","title":{"rendered":"m\u00e4nnlich E &#8211; Kader"},"content":{"rendered":"<div id=\"pl-735\"  class=\"panel-layout\" ><div id=\"pg-735-0\"  class=\"panel-grid panel-no-style\" ><div id=\"pgc-735-0-0\"  class=\"panel-grid-cell\" ><div id=\"panel-735-0-0-0\" class=\"so-panel widget widget_nav_menu panel-first-child panel-last-child\" data-index=\"0\" ><div class=\"menu-me-jugend-container\"><ul id=\"menu-me-jugend\" class=\"menu\"><li id=\"menu-item-744\" class=\"menu-item menu-item-type-post_type menu-item-object-page menu-item-744\"><a href=\"https:\/\/ghb-hamburg.de\/handball\/me-jugend\/\">m\u00e4nnlich E<\/a><\/li>\n<li id=\"menu-item-746\" class=\"menu-item menu-item-type-post_type menu-item-object-page menu-item-746\"><a href=\"https:\/\/ghb-hamburg.de\/handball\/me-jugend-infos\/\">Infos<\/a><\/li>\n<li id=\"menu-item-747\" class=\"menu-item menu-item-type-post_type menu-item-object-page menu-item-747\"><a href=\"https:\/\/ghb-hamburg.de\/handball\/me-jugend-kader\/\">Kader<\/a><\/li>\n<li id=\"menu-item-748\" class=\"menu-item menu-item-type-post_type menu-item-object-page menu-item-748\"><a href=\"https:\/\/ghb-hamburg.de\/handball\/me-jugend-spielplan\/\">Spielplan<\/a><\/li>\n<li id=\"menu-item-749\" class=\"menu-item menu-item-type-post_type menu-item-object-page menu-item-749\"><a href=\"https:\/\/ghb-hamburg.de\/handball\/me-jugend-tabelle\/\">Tabelle<\/a><\/li>\n<li id=\"menu-item-745\" class=\"menu-item menu-item-type-post_type menu-item-object-page menu-item-745\"><a href=\"https:\/\/ghb-hamburg.de\/handball\/?page_id=733\">Berichte<\/a><\/li>\n<\/ul><\/div><\/div><\/div><div id=\"pgc-735-0-1\"  class=\"panel-grid-cell\" ><div id=\"panel-735-0-1-0\" class=\"so-panel widget widget_sow-editor panel-first-child panel-last-child\" data-index=\"1\" ><div\n\t\t\t\n\t\t\tclass=\"so-widget-sow-editor so-widget-sow-editor-base\"\n\t\t\t\n\t\t>\n<div class=\"siteorigin-widget-tinymce textwidget\">\n\t<h1 style=\"text-align: center\">Wir sind immer auf der Suche nach neuen Teammitgliedern!<\/h1>\n<p style=\"text-align: center\">Wir sind auf der Suche nach weiteren flinken F\u00fc\u00dfen,<br \/>\n<img fetchpriority=\"high\" fetchpriority=\"high\" decoding=\"async\" class=\"aligncenter wp-image-2654 size-medium\" src=\"https:\/\/ghb-hamburg.de\/handball\/wp-content\/uploads\/sites\/2\/2022\/07\/mEFuss-269x300.jpeg\" alt=\"\" width=\"269\" height=\"300\" srcset=\"https:\/\/ghb-hamburg.de\/handball\/wp-content\/uploads\/sites\/2\/2022\/07\/mEFuss-269x300.jpeg 269w, https:\/\/ghb-hamburg.de\/handball\/wp-content\/uploads\/sites\/2\/2022\/07\/mEFuss-917x1024.jpeg 917w, https:\/\/ghb-hamburg.de\/handball\/wp-content\/uploads\/sites\/2\/2022\/07\/mEFuss-768x858.jpeg 768w, https:\/\/ghb-hamburg.de\/handball\/wp-content\/uploads\/sites\/2\/2022\/07\/mEFuss-1376x1536.jpeg 1376w, https:\/\/ghb-hamburg.de\/handball\/wp-content\/uploads\/sites\/2\/2022\/07\/mEFuss.jpeg 1800w\" sizes=\"(max-width: 269px) 100vw, 269px\" \/>und wendigen H\u00e4nden,<br \/>\n<img decoding=\"async\" class=\"aligncenter wp-image-2655 size-medium\" src=\"https:\/\/ghb-hamburg.de\/handball\/wp-content\/uploads\/sites\/2\/2022\/07\/mEHand-300x225.jpeg\" alt=\"\" width=\"300\" height=\"225\" srcset=\"https:\/\/ghb-hamburg.de\/handball\/wp-content\/uploads\/sites\/2\/2022\/07\/mEHand-300x225.jpeg 300w, https:\/\/ghb-hamburg.de\/handball\/wp-content\/uploads\/sites\/2\/2022\/07\/mEHand-1024x768.jpeg 1024w, https:\/\/ghb-hamburg.de\/handball\/wp-content\/uploads\/sites\/2\/2022\/07\/mEHand-768x576.jpeg 768w, https:\/\/ghb-hamburg.de\/handball\/wp-content\/uploads\/sites\/2\/2022\/07\/mEHand-1536x1152.jpeg 1536w, https:\/\/ghb-hamburg.de\/handball\/wp-content\/uploads\/sites\/2\/2022\/07\/mEHand.jpeg 2048w\" sizes=\"(max-width: 300px) 100vw, 300px\" \/>die uns helfen unseren Lieblingssport - Handball - zu spielen.<\/p>\n<p>&nbsp;<\/p>\n<p>F\u00fcr die Spiel-Saison 2023\/2024 k\u00f6nnen Jungen, die in den Jahrg\u00e4ngen 2013 und 2014 geboren sind, gerne auf ein Probetraining vorbei kommen. Vorkenntnisse sind nicht n\u00f6tig. Das einzige was Voraussetzung ist, ist der Spa\u00df an der Bewegung!<\/p>\n<p>Meldet euch am besten per Mail (siehe <a href=\"https:\/\/ghb-hamburg.de\/handball\/me-jugend-infos\/\">Infos<\/a>) vorher an (es kann immer mal sein, dass ein Training ausf\u00e4llt). Oder ruft in der Gesch\u00e4ftsstelle an (siehe <a href=\"https:\/\/ghb-hamburg.de\/geschaeftsstelle\/\">hier<\/a>) und hinterlasst dort eure Kontaktdaten, dann werde ich euch kontaktieren. Ansonsten kommt einfach zum Training vorbei (siehe <a href=\"https:\/\/ghb-hamburg.de\/handball\/me-jugend-infos\/\">Infos<\/a>).<\/p>\n<\/div>\n<\/div><\/div><\/div><\/div><\/div>","protected":false},"excerpt":{"rendered":"<p>Wir sind immer auf der Suche nach neuen Teammitgliedern! Wir sind auf der Suche nach weiteren flinken F\u00fc\u00dfen, und wendigen H\u00e4nden, die uns helfen unseren Lieblingssport &#8211; Handball &#8211; zu spielen. &nbsp; F\u00fcr die Spiel-Saison 2023\/2024 k\u00f6nnen Jungen, die in<\/p>\n","protected":false},"author":1,"featured_media":0,"parent":0,"menu_order":0,"comment_status":"closed","ping_status":"closed","template":"","meta":{"_mc_calendar":[],"footnotes":""},"class_list":["post-735","page","type-page","status-publish","hentry"],"_links":{"self":[{"href":"https:\/\/ghb-hamburg.de\/handball\/wp-json\/wp\/v2\/pages\/735","targetHints":{"allow":["GET"]}}],"collection":[{"href":"https:\/\/ghb-hamburg.de\/handball\/wp-json\/wp\/v2\/pages"}],"about":[{"href":"https:\/\/ghb-hamburg.de\/handball\/wp-json\/wp\/v2\/types\/page"}],"author":[{"embeddable":true,"href":"https:\/\/ghb-hamburg.de\/handball\/wp-json\/wp\/v2\/users\/1"}],"replies":[{"embeddable":true,"href":"https:\/\/ghb-hamburg.de\/handball\/wp-json\/wp\/v2\/comments?post=735"}],"version-history":[{"count":14,"href":"https:\/\/ghb-hamburg.de\/handball\/wp-json\/wp\/v2\/pages\/735\/revisions"}],"predecessor-version":[{"id":2852,"href":"https:\/\/ghb-hamburg.de\/handball\/wp-json\/wp\/v2\/pages\/735\/revisions\/2852"}],"wp:attachment":[{"href":"https:\/\/ghb-hamburg.de\/handball\/wp-json\/wp\/v2\/media?parent=735"}],"curies":[{"name":"wp","href":"https:\/\/api.w.org\/{rel}","templated":true}]}}