{"id":1173,"date":"2021-09-22T20:00:58","date_gmt":"2021-09-22T18:00:58","guid":{"rendered":"https:\/\/ghb-hamburg.de\/schwimmen\/?page_id=1173"},"modified":"2025-02-22T18:07:03","modified_gmt":"2025-02-22T17:07:03","slug":"beitraege","status":"publish","type":"page","link":"https:\/\/ghb-hamburg.de\/schwimmen\/beitraege\/","title":{"rendered":"Beitr\u00e4ge"},"content":{"rendered":"<p><strong>Unsere Beitr\u00e4ge gem\u00e4\u00df Beitragsordnung werden jeweils am 1. Februar, 1. Mai, 1. August, 1. November abgebucht.<\/strong><\/p>\n<p>F\u00e4llt der Termin auf ein Wochenende oder einen Feiertag, gilt der n\u00e4chste darauf folgende Bankarbeitstag. Wir bitten um entsprechende Deckung Ihres Kontos zu den genannten Terminen.<\/p>\n<p><strong>\u00c4nderungen Ihrer Bankverbindung teilen Sie uns bitte umgehend mit.<\/strong><\/p>\n<p>Bei Fragen zum SEPA-Lastschriftverfahren rufen Sie gern an. Einen Hinweis zum Einzugsverfahren findet man in der Satzung.<\/p>\n<p>Unsere Beitragsordnung zum <a href=\"https:\/\/ghb-hamburg.de\/wp-content\/uploads\/2021\/05\/Beitragsordnung_04.21.pdf\">Download ist hie<\/a>r.<\/p>\n<p>Unser Beitrittsformular ist hier zum <a href=\"https:\/\/ghb-hamburg.de\/wp-content\/uploads\/2021\/05\/Aufnahmeantrag_01.04.21.pdf\">Download.<\/a><\/p>\n<h4><strong>ALLGEMEINE MITGLIEDSBEITR\u00c4GE<\/strong><\/h4>\n<p>F\u00fcr alle Abteilungen<\/p>\n<table style=\"height: 265px\" width=\"634\">\n<tbody>\n<tr>\n<td>Aufnahmegeb\u00fchr (einmalig) in Euro<\/td>\n<td style=\"text-align: right\">18,00\u20ac<\/td>\n<\/tr>\n<tr>\n<td>Aufnahmegeb\u00fchr Mutter+Kind-Gruppe (einmalig) in Euro<\/td>\n<td style=\"text-align: right\">26,00\u20ac<\/td>\n<\/tr>\n<tr>\n<td><b>Monatsbeitr\u00e4ge<\/b><\/td>\n<td>\u00a0<\/td>\n<\/tr>\n<tr>\n<td>Kinder bis 14 Jahre<\/td>\n<td style=\"text-align: right\">8,00\u20ac<\/td>\n<\/tr>\n<tr>\n<td>Jugendliche (bis 18 J.), Sch\u00fcler; Azubis, Studenten (bis 27 J.)<span style=\"color: #ff0000\">*<sup>1<\/sup><\/span><\/td>\n<td style=\"text-align: right\">11,00\u20ac<\/td>\n<\/tr>\n<tr>\n<td>Erwachsene<\/td>\n<td style=\"text-align: right\">15,00\u20ac<\/td>\n<\/tr>\n<tr>\n<td>Ehepaare<\/td>\n<td style=\"text-align: right\">27,00\u20ac<\/td>\n<\/tr>\n<tr>\n<td>Familienbeitrag<span style=\"color: #ff0000\">*<sup>2<\/sup><\/span><\/td>\n<td style=\"text-align: right\">35,00\u20ac<\/td>\n<\/tr>\n<tr>\n<td>Passivbeitrag<\/td>\n<td style=\"text-align: right\">5,00\u20ac<\/td>\n<\/tr>\n<tr>\n<td>Passivbeitrag f\u00fcr einen Elternteil der Mutter+Kind-Gruppe<\/td>\n<td style=\"text-align: right\">4,50\u20ac<\/td>\n<\/tr>\n<tr>\n<td>Bei F\u00f6rderung nach Bildung und Teilhabe bitte in der Gesch\u00e4ftstelle melden<\/td>\n<td style=\"text-align: right\">\u00a0<\/td>\n<\/tr>\n<\/tbody>\n<\/table>\n<p>WICHTIG:<br \/>Es k\u00f6nnen alle Sportarten betrieben werden, sofern die \u00fcber den allgemeinen Beitrag hinausgehenden Kosten entsprechend getragen werden. Sportarten ohne monatliche Extrakosten k\u00f6nnen sofort mit betrieben werden.<\/p>\n<table style=\"height: 661px\" width=\"634\">\n<tbody>\n<tr>\n<td>\n<h6><strong>Zusatzbeitr\u00e4ge der Schwimmabteilung in Euro (Wassergeld)<\/strong><\/h6>\n<\/td>\n<td>\n<h6 style=\"text-align: right\"><strong>einmalig<\/strong><\/h6>\n<\/td>\n<td>\n<h6 style=\"text-align: right\"><strong>pro Monat<\/strong><\/h6>\n<\/td>\n<\/tr>\n<tr>\n<td><strong>Aufnahmegeb\u00fchren<\/strong><\/td>\n<td>\u00a0<\/td>\n<td>\u00a0<\/td>\n<\/tr>\n<tr>\n<td>Kinder und Jugendliche<\/td>\n<td style=\"text-align: right\">15,50\u20ac<\/td>\n<td>\u00a0<\/td>\n<\/tr>\n<tr>\n<td>Erwachsene<\/td>\n<td style=\"text-align: right\">18,50\u20ac<\/td>\n<td>\u00a0<\/td>\n<\/tr>\n<tr>\n<td>Ehepaare<\/td>\n<td style=\"text-align: right\">31,00\u20ac<\/td>\n<td>\u00a0<\/td>\n<\/tr>\n<tr>\n<td>Familien<span style=\"color: #ff0000\">*<sup>2<\/sup><\/span><\/td>\n<td style=\"text-align: right\">37,00\u20ac<\/td>\n<td>\u00a0<\/td>\n<\/tr>\n<tr>\n<td><strong>Wassergeld<\/strong><\/td>\n<td>\u00a0<\/td>\n<td>\u00a0<\/td>\n<\/tr>\n<tr>\n<td>Kinder, Jugendliche (bis 18 J.), Sch\u00fcler; Azubis, Studenten (bis 27 J.)<span style=\"color: #ff0000\">*<sup>1<\/sup><\/span><\/td>\n<td>\u00a0<\/td>\n<td style=\"text-align: right\">5,50\u20ac<\/td>\n<\/tr>\n<tr>\n<td>Erwachsene<\/td>\n<td>\u00a0<\/td>\n<td style=\"text-align: right\">7,00\u20ac<\/td>\n<\/tr>\n<tr>\n<td>Ehepaare<\/td>\n<td>\u00a0<\/td>\n<td style=\"text-align: right\">12,00\u20ac<\/td>\n<\/tr>\n<tr>\n<td>Familien<span style=\"color: #ff0000\">*<sup>2<\/sup><\/span><\/td>\n<td>\u00a0<\/td>\n<td style=\"text-align: right\">15,50\u20ac<\/td>\n<\/tr>\n<\/tbody>\n<\/table>\n<h6><span style=\"color: #ff0000;font-size: 16px\">*<\/span><sup style=\"color: #ff0000\">1 <\/sup><span style=\"color: #ff0000;font-size: 16px\">Erm\u00e4ssigter Beitrag nur mit entsprechendem Nachweis<\/span><\/h6>\n<p><span style=\"color: #ff0000\"> *<sup>2 <\/sup>Eltern und Kinder bis 18 Jahre, die zusammen in einem Haushalt leben<\/span><\/p>\n<p>F\u00fcr die Teilnahme an den Anf\u00e4ngergruppen (<a href=\"https:\/\/ghb-hamburg.de\/schwimmen\/seepferdchen\/\">Seepferdchen<\/a>, <a href=\"https:\/\/ghb-hamburg.de\/schwimmen\/freischwimmer\/\">Freischwimmer<\/a>) wird eine Kurzzeitmitgliedschaft begr\u00fcndet. Die Mitgliedsgeb\u00fchren f\u00fcr die die Zeit der Anf\u00e4ngergruppe betragen 180 Euro (Seepferdchen) bzw. 140 Euro (Freischwimmer). Eine F\u00f6rderung \u00fcber das Bildungs- und Teilhabepaket kann f\u00fcr die Seepferdchen und Freischwimmergruppe nur \u00fcber den Leistungsberechtigten direkt erfolgen, eine Beantragung und Abrechnung durch uns ist leider nicht m\u00f6glich.<\/p>\n<p>Unten eine unverbindliche Zusammenstellung der Beitr\u00e4ge in Euro bei Teilnahme nur am Schwimmen. Es gelten die oben genannten Bedingungen und Nachweispflichten.<\/p>\n\n\n<figure class=\"wp-block-table\"><table><tbody><tr><td>Wer<\/td><td>Aufnahmegeb\u00fchr (Verein + Abteilung), Einmalig<\/td><td>Vereinsbeitrag<br>pro Monat<\/td><td>Wassergeld<br>pro Monat<\/td><td><strong>Gesamtbeitrag<br>pro Monat<\/strong><\/td><td>Abbuchung pro Quartal<\/td><\/tr><tr><td>Kinder<\/td><td>33,50<\/td><td>8,00<\/td><td>5,50<\/td><td><strong>13,50<\/strong><\/td><td>40,50<\/td><\/tr><tr><td>Jugendliche bis 18, bis 27: Sch\u00fcler, Studenten, Azubis<\/td><td>33,50<\/td><td>11,00<\/td><td>5,50<\/td><td><strong>16,50<\/strong><\/td><td>49,50 <\/td><\/tr><tr><td>Erwachsene<\/td><td>36,50<\/td><td>15,00<\/td><td>7,00<\/td><td><strong>22,00<\/strong><\/td><td>66,00<\/td><\/tr><tr><td>Ehepaare<\/td><td>pro Person<\/td><td>27,00<\/td><td>12,00<\/td><td><strong>39,00<\/strong><\/td><td>117,00<\/td><\/tr><tr><td>Familienbeitrag<\/td><td>pro Person<\/td><td>35,00<\/td><td>15,50<\/td><td><strong>72,00<\/strong><\/td><td>151,50<\/td><\/tr><\/tbody><\/table><\/figure>\n\n\n\n<p>Stand Feb. 2025<\/p>\n","protected":false},"excerpt":{"rendered":"<p>Unsere Beitr\u00e4ge gem\u00e4\u00df Beitragsordnung werden jeweils am 1. Februar, 1. Mai, 1. August, 1. November abgebucht. F\u00e4llt der Termin auf ein Wochenende oder einen Feiertag, gilt der n\u00e4chste darauf folgende Bankarbeitstag. Wir bitten um entsprechende Deckung Ihres Kontos zu den<\/p>\n","protected":false},"author":1,"featured_media":0,"parent":0,"menu_order":0,"comment_status":"closed","ping_status":"closed","template":"","meta":{"_mc_calendar":[],"footnotes":""},"class_list":["post-1173","page","type-page","status-publish","hentry"],"_links":{"self":[{"href":"https:\/\/ghb-hamburg.de\/schwimmen\/wp-json\/wp\/v2\/pages\/1173","targetHints":{"allow":["GET"]}}],"collection":[{"href":"https:\/\/ghb-hamburg.de\/schwimmen\/wp-json\/wp\/v2\/pages"}],"about":[{"href":"https:\/\/ghb-hamburg.de\/schwimmen\/wp-json\/wp\/v2\/types\/page"}],"author":[{"embeddable":true,"href":"https:\/\/ghb-hamburg.de\/schwimmen\/wp-json\/wp\/v2\/users\/1"}],"replies":[{"embeddable":true,"href":"https:\/\/ghb-hamburg.de\/schwimmen\/wp-json\/wp\/v2\/comments?post=1173"}],"version-history":[{"count":14,"href":"https:\/\/ghb-hamburg.de\/schwimmen\/wp-json\/wp\/v2\/pages\/1173\/revisions"}],"predecessor-version":[{"id":2037,"href":"https:\/\/ghb-hamburg.de\/schwimmen\/wp-json\/wp\/v2\/pages\/1173\/revisions\/2037"}],"wp:attachment":[{"href":"https:\/\/ghb-hamburg.de\/schwimmen\/wp-json\/wp\/v2\/media?parent=1173"}],"curies":[{"name":"wp","href":"https:\/\/api.w.org\/{rel}","templated":true}]}}