{"id":14,"date":"2016-07-19T18:27:18","date_gmt":"2016-07-19T16:27:18","guid":{"rendered":"http:\/\/schwimmen.ghb-hamburg.de\/?page_id=14"},"modified":"2026-04-02T10:11:38","modified_gmt":"2026-04-02T08:11:38","slug":"kampfrichter","status":"publish","type":"page","link":"https:\/\/ghb-hamburg.de\/schwimmen\/kampfrichter\/","title":{"rendered":"Kampfrichter"},"content":{"rendered":"<p><strong>Hallo Schwimmereltern und Schwimmerpartner,<\/strong><\/p>\n<p>waren Sie schon einmal auf einem Wettkampf? Vielleicht ist Ihnen aufgefallen, dass au\u00dfer den Schwimmern und den Trainern auch viele Menschen in wei\u00dfen Shirts mit der Aufschrift Kampfrichter in der Schwimmhalle sind.<\/p>\n<p>Hier eine kurze Erkl\u00e4rung, was die zu tun haben.<\/p>\n<p>Pro Bahn braucht man einen Zeitnehmer und einen Wenderichter, zus\u00e4tzlich mindestens einen Reservezeitnehmer, falls mal eine Stoppuhr ausf\u00e4llt. An den Seiten des Schwimmbeckens kontrolliert jeweils ein Schwimmrichter den Schwimmstil. Rechts und links vom Ziel sitzen mindestens 5 Zielrichter, die den Zieleinlauf notieren. Au\u00dferdem braucht man noch einen Starter und einen Sprecher, und als Chef vom Ganzen einen, oder besser zwei, Schiedsrichter. Hinter den Kulissen sitzen noch Auswerter und Protokollf\u00fchrer emsig an Computern und Kopierern. Zus\u00e4tzlich wuseln noch einige Helfer durch die Halle, die Zettel mit Zeiten und Informationen hin und her tragen und sich um alles k\u00fcmmern, was sonst noch so anf\u00e4llt.<\/p>\n<p><strong>Ohne Kampfrichter w\u00e4re kein Wettkampf m\u00f6glich.<\/strong><\/p>\n<p>Aber, Kampfrichter kann fast jeder Interessierte werden und Kampfrichter sein ist oft interessant. Als Kampfrichter ist man immer am Ort des Geschehens und kann live miterleben wie das eigene Kind oder der Partner seinen Sport aus\u00fcbt. Man kann dazu beitragen, dass Wettk\u00e4mpfe ausgef\u00fchrt werden k\u00f6nnen und versteht immer mehr, warum Schwimmer schwimmen. Kampfrichter sein ist manchmal nervig, aber &#8222;nur&#8220; zusehen ist auch nicht immer spannend. Um Kampfrichter zu werden muss man einen Lehrgang besuchen, der an drei Abenden in der Woche oder einem Tag am Wochenende stattfindet. Dieser Theorielehrgang wird mit einer Pr\u00fcfung abgeschlossen. Danach macht man noch drei Eins\u00e4tze als Azubi und darf sich dann im wei\u00dfen Shirt am Beckenrand vergn\u00fcgen. So, jetzt komme ich zu meinem eigentlichen Anliegen.<\/p>\n<p><strong>Die Schwimmabteilung braucht Kampfrichter!<\/strong><\/p>\n<p>Alle Interessierten k\u00f6nnen sich f\u00fcr n\u00e4here Informationen gerne ans uns wenden: <a href=\"mailto:info@ghb-schiwmmen.de\">info@ghb-schwimmen.de<\/a><\/p>\n<p>Wir hoffen Sie neugierig gemacht zu haben.<\/p>\n<p>Stand 02.04.2026<\/p>\n","protected":false},"excerpt":{"rendered":"<p>Hallo Schwimmereltern und Schwimmerpartner, waren Sie schon einmal auf einem Wettkampf? Vielleicht ist Ihnen aufgefallen, dass au\u00dfer den Schwimmern und den Trainern auch viele Menschen in wei\u00dfen Shirts mit der Aufschrift Kampfrichter in der Schwimmhalle sind. Hier eine kurze Erkl\u00e4rung,<\/p>\n","protected":false},"author":1,"featured_media":0,"parent":0,"menu_order":0,"comment_status":"closed","ping_status":"closed","template":"","meta":{"_mc_calendar":[],"footnotes":""},"class_list":["post-14","page","type-page","status-publish","hentry"],"_links":{"self":[{"href":"https:\/\/ghb-hamburg.de\/schwimmen\/wp-json\/wp\/v2\/pages\/14","targetHints":{"allow":["GET"]}}],"collection":[{"href":"https:\/\/ghb-hamburg.de\/schwimmen\/wp-json\/wp\/v2\/pages"}],"about":[{"href":"https:\/\/ghb-hamburg.de\/schwimmen\/wp-json\/wp\/v2\/types\/page"}],"author":[{"embeddable":true,"href":"https:\/\/ghb-hamburg.de\/schwimmen\/wp-json\/wp\/v2\/users\/1"}],"replies":[{"embeddable":true,"href":"https:\/\/ghb-hamburg.de\/schwimmen\/wp-json\/wp\/v2\/comments?post=14"}],"version-history":[{"count":27,"href":"https:\/\/ghb-hamburg.de\/schwimmen\/wp-json\/wp\/v2\/pages\/14\/revisions"}],"predecessor-version":[{"id":2164,"href":"https:\/\/ghb-hamburg.de\/schwimmen\/wp-json\/wp\/v2\/pages\/14\/revisions\/2164"}],"wp:attachment":[{"href":"https:\/\/ghb-hamburg.de\/schwimmen\/wp-json\/wp\/v2\/media?parent=14"}],"curies":[{"name":"wp","href":"https:\/\/api.w.org\/{rel}","templated":true}]}}