{"id":15,"date":"2016-07-19T18:27:28","date_gmt":"2016-07-19T16:27:28","guid":{"rendered":"http:\/\/schwimmen.ghb-hamburg.de\/?page_id=15"},"modified":"2026-04-27T07:20:01","modified_gmt":"2026-04-27T05:20:01","slug":"termine","status":"publish","type":"page","link":"https:\/\/ghb-hamburg.de\/schwimmen\/termine\/","title":{"rendered":"Termine"},"content":{"rendered":"<div id=\"meta-origin\" data-coolorigin=\"http%3A%2F%2F%2Fcool%2Fclipboard%3FWOPISrc%3Dfile%253A%252F%252F%252Fdata%252Fuser%252F0%252Fcom.collabora.libreoffice%252Fcache%252FLibreOffice7554787299404692271.tmp%26ServerId%3D0459d4d1%26ViewId%3D0%26Tag%3D92df34c0a4d6868d\">\n<div id=\"meta-origin\" data-coolorigin=\"http%3A%2F%2F%2Fcool%2Fclipboard%3FWOPISrc%3Dfile%253A%252F%252F%252Fdata%252Fuser%252F0%252Fcom.collabora.libreoffice%252Fcache%252FLibreOffice7554787299404692271.tmp%26ServerId%3D0459d4d1%26ViewId%3D0%26Tag%3D92df34c0a4d6868d\">\n<div id=\"meta-origin\" data-coolorigin=\"http%3A%2F%2F%2Fcool%2Fclipboard%3FWOPISrc%3Dfile%253A%252F%252F%252Fdata%252Fuser%252F0%252Fcom.collabora.libreoffice%252Fcache%252FLibreOffice7554787299404692271.tmp%26ServerId%3D0459d4d1%26ViewId%3D0%26Tag%3D92df34c0a4d6868d\">\n<div id=\"meta-origin\" data-coolorigin=\"http%3A%2F%2F%2Fcool%2Fclipboard%3FWOPISrc%3Dfile%253A%252F%252F%252Fdata%252Fuser%252F0%252Fcom.collabora.libreoffice%252Fcache%252FLibreOffice7554787299404692271.tmp%26ServerId%3D0459d4d1%26ViewId%3D0%26Tag%3D92df34c0a4d6868d\">\n<div id=\"meta-origin\" data-coolorigin=\"http%3A%2F%2F%2Fcool%2Fclipboard%3FWOPISrc%3Dfile%253A%252F%252F%252Fdata%252Fuser%252F0%252Fcom.collabora.libreoffice%252Fcache%252FLibreOffice7554787299404692271.tmp%26ServerId%3D0459d4d1%26ViewId%3D0%26Tag%3D92df34c0a4d6868d\">\n<div id=\"meta-origin\" data-coolorigin=\"http%3A%2F%2F%2Fcool%2Fclipboard%3FWOPISrc%3Dfile%253A%252F%252F%252Fdata%252Fuser%252F0%252Fcom.collabora.libreoffice%252Fcache%252FLibreOffice7554787299404692271.tmp%26ServerId%3D0459d4d1%26ViewId%3D0%26Tag%3D92df34c0a4d6868d\">\n<p><strong>Termine 2026<\/strong><\/p>\n<table width=\"667\" cellspacing=\"0\" cellpadding=\"7\">\n<tbody>\n<tr>\n<td bgcolor=\"#cadfca\" width=\"166\" height=\"6\">\n<p class=\"western\" lang=\"en-US\" align=\"center\"><span style=\"color: #000000\"><span style=\"font-family: Calibri, serif\"><span style=\"font-size: large\"><b>Datum<\/b><\/span><\/span><\/span><\/p>\n<\/td>\n<td bgcolor=\"#cadfca\" width=\"138\">\n<p class=\"western\" lang=\"en-US\" align=\"center\"><span style=\"color: #000000\"><span style=\"font-family: Calibri, serif\"><span style=\"font-size: large\"><b>Jahrgang<\/b><\/span><\/span><\/span><\/p>\n<\/td>\n<td bgcolor=\"#cadfca\" width=\"106\">\n<p class=\"western\" lang=\"en-US\" align=\"center\"><span style=\"color: #000000\"><span style=\"font-family: Calibri, serif\"><span style=\"font-size: large\"><b>Ort<\/b><\/span><\/span><\/span><\/p>\n<\/td>\n<td bgcolor=\"#cadfca\" width=\"198\">\n<p class=\"western\" lang=\"en-US\" align=\"center\"><span style=\"color: #000000\"><span style=\"font-family: Calibri, serif\"><span style=\"font-size: large\"><b>Sonstiges<\/b><\/span><\/span><\/span><\/p>\n<\/td>\n<\/tr>\n<tr>\n<td bgcolor=\"#e6efe6\" width=\"166\" height=\"44\">\n<p class=\"western\" lang=\"en-US\" align=\"left\"><span style=\"color: #000000\"><span style=\"font-family: Calibri, serif\"><span style=\"font-size: medium\">09.05 \u2013 13.05 Maireise<\/span><\/span><\/span><\/p>\n<\/td>\n<td bgcolor=\"#e6efe6\" width=\"138\">\n<p class=\"western\" lang=\"en-US\" align=\"left\"><span style=\"color: #000000\"><span style=\"font-family: Calibri, serif\"><span style=\"font-size: medium\">&#8211; 11 Jahre<\/span><\/span><\/span><\/p>\n<\/td>\n<td bgcolor=\"#e6efe6\" width=\"106\">\n<p class=\"western\" lang=\"en-US\" align=\"left\"><span style=\"color: #000000\"><span style=\"font-family: Calibri, serif\"><span style=\"font-size: medium\">Lankau<\/span><\/span><\/span><\/p>\n<\/td>\n<td bgcolor=\"#e6efe6\" width=\"198\">\n<p class=\"western\" lang=\"en-US\" align=\"left\"><span style=\"color: #000000\"><span style=\"font-family: Calibri, serif\"><span style=\"font-size: medium\">Ferienreise mit Ausfl\u00fcgen und Sportabzeichen<\/span><\/span><\/span><\/p>\n<\/td>\n<\/tr>\n<tr>\n<td bgcolor=\"#cadfca\" width=\"166\" height=\"24\">\n<p class=\"western\" lang=\"en-US\" align=\"left\"><span style=\"color: #a64943\"><span style=\"font-family: Calibri, serif\"><span style=\"font-size: medium\"><b>09.05 \u2013 16.05 Ferien HH<\/b><\/span><\/span><\/span><\/p>\n<\/td>\n<td bgcolor=\"#cadfca\" width=\"138\">\n<p class=\"western\" lang=\"en-US\" align=\"left\"><span style=\"color: #a64943\"><span style=\"font-family: Calibri, serif\"><span style=\"font-size: medium\"><b>Training<\/b><\/span><\/span><\/span><\/p>\n<\/td>\n<td bgcolor=\"#cadfca\" width=\"106\">\n<p class=\"western\" lang=\"en-US\" align=\"left\"><span style=\"color: #a64943\"><span style=\"font-family: Calibri, serif\"><span style=\"font-size: medium\"><b>Findet statt<\/b><\/span><\/span><\/span><\/p>\n<\/td>\n<td bgcolor=\"#cadfca\" width=\"198\">\n<p class=\"western\" lang=\"en-US\" align=\"left\"><a href=\"https:\/\/ghb-hamburg.de\/schwimmen\/\"><b>siehe Aktuelles ( Klick )<\/b><\/a><\/p>\n<\/td>\n<\/tr>\n<tr>\n<td bgcolor=\"#e6efe6\" width=\"166\" height=\"24\">\n<p class=\"western\" lang=\"en-US\"><span style=\"color: #000000\"><span style=\"font-family: Calibri, serif\">05. \u2013 07.06. Senne Pokal<\/span><\/span><\/p>\n<\/td>\n<td bgcolor=\"#e6efe6\" width=\"138\">\n<p class=\"western\" lang=\"en-US\"><span style=\"color: #000000\"><span style=\"font-family: Calibri, serif\">Alle<\/span><\/span><\/p>\n<\/td>\n<td bgcolor=\"#e6efe6\" width=\"106\">\n<p class=\"western\" lang=\"en-US\"><span style=\"color: #000000\"><span style=\"font-family: Calibri, serif\">Bielefeld Senne<\/span><\/span><\/p>\n<\/td>\n<td bgcolor=\"#e6efe6\" width=\"198\">\n<p class=\"western\" lang=\"en-US\"><span style=\"color: #000000\"><span style=\"font-family: Calibri, serif\">3 Tage Zeltwettkampf<\/span><\/span><\/p>\n<\/td>\n<\/tr>\n<tr>\n<td bgcolor=\"#cadfca\" width=\"166\" height=\"56\">\n<p class=\"western\" lang=\"en-US\">28.06. HanseCup<\/p>\n<\/td>\n<td bgcolor=\"#cadfca\" width=\"138\">\n<p class=\"western\" lang=\"en-US\"><span style=\"color: #000000\"><span style=\"font-family: Calibri, serif\">wichtiger Mannschaftswettkampf f\u00fcr Jahrg\u00e4nge 17\/18<\/span><\/span><\/p>\n<\/td>\n<td bgcolor=\"#cadfca\" width=\"106\">\n<p class=\"western\" lang=\"en-US\"><span style=\"color: #000000\"><span style=\"font-family: Calibri, serif\">OSP Dulsberg<\/span><\/span><\/p>\n<\/td>\n<td bgcolor=\"#cadfca\" width=\"198\">\n<p class=\"western\" lang=\"en-US\"><span style=\"color: #000000\"><span style=\"font-family: Calibri, serif\">!!! Wichtig !!! Punktewettkampf<\/span><\/span><\/p>\n<\/td>\n<\/tr>\n<tr>\n<td bgcolor=\"#e6efe6\" width=\"166\" height=\"56\">\n<p class=\"western\" lang=\"en-US\" align=\"left\"><span style=\"color: #000000\"><span style=\"font-family: Calibri, serif\"><span style=\"font-size: medium\"><b>03. \u2013 05.07<\/b><\/span><\/span><\/span><\/p>\n<p class=\"western\" lang=\"en-US\" align=\"left\"><span style=\"color: #000000\"><span style=\"font-family: Calibri, serif\"><span style=\"font-size: small\"><span lang=\"de-DE\"><b>HH Jahrgangsmeisterschaften und offene Klasse<\/b><\/span><\/span><\/span><\/span><\/p>\n<\/td>\n<td bgcolor=\"#e6efe6\" width=\"138\">\n<p class=\"western\" lang=\"en-US\" align=\"left\"><span style=\"color: #000000\"><span style=\"font-family: Calibri, serif\"><span style=\"font-size: medium\"><b>2016 und \u00e4lter<\/b><\/span><\/span><\/span><\/p>\n<\/td>\n<td bgcolor=\"#e6efe6\" width=\"106\">\n<p class=\"western\" lang=\"en-US\" align=\"left\"><span style=\"color: #000000\"><span style=\"font-family: Calibri, serif\"><span style=\"font-size: medium\"><b>OSP Dulsberg<\/b><\/span><\/span><\/span><\/p>\n<\/td>\n<td bgcolor=\"#e6efe6\" width=\"198\">\n<p class=\"western\" lang=\"en-US\" align=\"left\"><span style=\"color: #000000\"><span style=\"font-family: Calibri, serif\"><span style=\"font-size: medium\"><b>Nur mit Pflichtzeiten<\/b><\/span><\/span><\/span><\/p>\n<\/td>\n<\/tr>\n<tr>\n<td bgcolor=\"#cadfca\" width=\"166\" height=\"8\">\n<p class=\"western\" lang=\"en-US\" align=\"left\"><span style=\"color: #a64943\"><span style=\"font-family: Calibri, serif\"><span style=\"font-size: medium\"><b>06.07.<\/b><\/span><\/span><\/span><\/p>\n<\/td>\n<td bgcolor=\"#cadfca\" width=\"138\">\n<p class=\"western\" lang=\"en-US\" align=\"left\"><span style=\"color: #a64943\"><span style=\"font-family: Calibri, serif\"><span style=\"font-size: medium\"><b>\u00dcberraschung ???<\/b><\/span><\/span><\/span><\/p>\n<\/td>\n<td bgcolor=\"#cadfca\" width=\"106\"><\/td>\n<td bgcolor=\"#cadfca\" width=\"198\">\n<p class=\"western\" lang=\"en-US\" align=\"left\"><span style=\"color: #a64943\"><span style=\"font-family: Calibri, serif\"><span style=\"font-size: medium\"><b>tbd<\/b><\/span><\/span><\/span><\/p>\n<\/td>\n<\/tr>\n<tr>\n<td bgcolor=\"#e6efe6\" width=\"166\" height=\"24\">\n<p class=\"western\" lang=\"en-US\" align=\"left\"><span style=\"color: #a64943\"><span style=\"font-family: Calibri, serif\"><span style=\"font-size: medium\"><b>09.07. \u2013 19.08 Ferien HH<\/b><\/span><\/span><\/span><\/p>\n<\/td>\n<td bgcolor=\"#e6efe6\" width=\"138\">\n<p class=\"western\" lang=\"en-US\" align=\"left\"><span style=\"color: #a64943\"><span style=\"font-family: Calibri, serif\"><span style=\"font-size: medium\"><b>Infos zur<\/b><\/span><\/span><\/span><\/p>\n<\/td>\n<td bgcolor=\"#e6efe6\" width=\"106\">\n<p class=\"western\" lang=\"en-US\" align=\"left\"><span style=\"color: #a64943\"><span style=\"font-family: Calibri, serif\"><span style=\"font-size: medium\"><b>Sommerpause<\/b><\/span><\/span><\/span><\/p>\n<\/td>\n<td bgcolor=\"#e6efe6\" width=\"198\">\n<p class=\"western\" lang=\"en-US\" align=\"left\"><span style=\"color: #a64943\"><span style=\"font-family: Calibri, serif\"><span style=\"font-size: medium\"><b>Folgen<\/b><\/span><\/span><\/span><\/p>\n<\/td>\n<\/tr>\n<tr>\n<td bgcolor=\"#cadfca\" width=\"166\" height=\"14\">\n<p class=\"western\" lang=\"en-US\">5. + 6.09.<\/p>\n<p class=\"western\" lang=\"en-US\">Deutsche Master Meisterschaft im Freiwasserschwimmen<\/p>\n<\/td>\n<td bgcolor=\"#cadfca\" width=\"138\">\n<p class=\"western\" lang=\"en-US\">2006 und \u00e4lter<\/p>\n<\/td>\n<td bgcolor=\"#cadfca\" width=\"106\">\n<p class=\"western\" lang=\"en-US\">Gummersbach Lantenbach<\/p>\n<\/td>\n<td bgcolor=\"#cadfca\" width=\"198\">\n<p class=\"western\" lang=\"en-US\">Aggertalsperre<\/p>\n<\/td>\n<\/tr>\n<\/tbody>\n<\/table>\n<\/div>\n<\/div>\n<\/div>\n<\/div>\n<\/div>\n<\/div>\n<div id=\"meta-origin\" data-coolorigin=\"http%3A%2F%2F%2Fcool%2Fclipboard%3FWOPISrc%3Dfile%253A%252F%252F%252Fdata%252Fuser%252F0%252Fcom.collabora.libreoffice%252Fcache%252FLibreOffice7554787299404692271.tmp%26ServerId%3D0459d4d1%26ViewId%3D0%26Tag%3D92df34c0a4d6868d\">\n<div id=\"meta-origin\" data-coolorigin=\"http%3A%2F%2F%2Fcool%2Fclipboard%3FWOPISrc%3Dfile%253A%252F%252F%252Fdata%252Fuser%252F0%252Fcom.collabora.libreoffice%252Fcache%252FLibreOffice7554787299404692271.tmp%26ServerId%3D0459d4d1%26ViewId%3D0%26Tag%3D92df34c0a4d6868d\">\n<div id=\"meta-origin\" data-coolorigin=\"http%3A%2F%2F%2Fcool%2Fclipboard%3FWOPISrc%3Dfile%253A%252F%252F%252Fdata%252Fuser%252F0%252Fcom.collabora.libreoffice%252Fcache%252FLibreOffice7554787299404692271.tmp%26ServerId%3D0459d4d1%26ViewId%3D0%26Tag%3D92df34c0a4d6868d\">\n<p><b>Achtung: Es gibt immer noch gesonderte Einladungen und nicht alle Wettk\u00e4mpfe s<\/b><b>ind f\u00fcr alle Aktiven\/Gruppen gedacht.<\/b><\/p>\n<\/div>\n<\/div>\n<\/div>\n<p>Weitere Wettk\u00e4mpfe folgen.<\/p>\n<p><span style=\"color: #008000\"><strong>Die Pflichtwettk\u00e4mpfe entscheiden dar\u00fcber, wie viele Trainingszeiten wir haben. Selbst ankommen z\u00e4hlt. Alle m\u00fcssen unbedingt dabei sein!!!<\/strong><\/span><\/p>\n<p>Informationen zu Wettk\u00e4mpfen ( Termin, Meldeergebnis, Protokoll ) findet ihr auch bei: \u00a0<a href=\"https:\/\/www.hamburg-schwimmt.de\/\" target=\"_blank\" rel=\"noopener\">Hamburg-Schwimmt ( neuer Tab)<\/a>.<\/p>\n<p>Die Wettk\u00e4mpfe, die durch die Trainingsgruppen am Olympiast\u00fctzpunkt angemeldet werden stellen wir hier nicht da.<\/p>\n<hr \/>\n<ul>\n<li>* Test\u00a0 *<\/li>\n<\/ul>\n<p><strong>Termine in euren Kalender einbinden<\/strong> ( iCal Abbonieren ):<\/p>\n<p style=\"padding-left: 40px\">https:\/\/share.mailbox.org\/ajax\/share\/0e74860d09ab2a49e08c29a9ab2a4dbaa939984a8354dd78\/1\/2\/Y2FsOi8vMC8xMzM?icaltrue<\/p>\n<p style=\"padding-left: 40px\">Dieser Kalender kann in den Google, Apple, Thunderbird, usw. eingebunden werden.<\/p>\n<p style=\"padding-left: 80px\">Google: Weitere Kalender &#8211; \u00fcber URL hinzuf\u00fcgen<\/p>\n<p style=\"padding-left: 80px\">Anroid: Mithilfe der App DAVx5 kann der Kalender direkt in Android abboniert werden<\/p>\n<p style=\"padding-left: 80px\">Apple: Ablage &#8211; Neues Kalenderabonnement. iOS: Kalender &#8211; Account &#8211; Abo<\/p>\n<p style=\"padding-left: 80px\">Thunderbird: Neuer Kalender &#8211; Im Netzwerk &#8211; keine Zugangsdaten<\/p>\n<hr \/>\n<p>Stand 27.04.2026<\/p>\n<p>&#8212;<\/p>\n","protected":false},"excerpt":{"rendered":"<p>Termine 2026 Datum Jahrgang Ort Sonstiges 09.05 \u2013 13.05 Maireise &#8211; 11 Jahre Lankau Ferienreise mit Ausfl\u00fcgen und Sportabzeichen 09.05 \u2013 16.05 Ferien HH Training Findet statt siehe Aktuelles ( Klick ) 05. \u2013 07.06. Senne Pokal Alle Bielefeld Senne<\/p>\n","protected":false},"author":1,"featured_media":0,"parent":0,"menu_order":0,"comment_status":"closed","ping_status":"closed","template":"","meta":{"_mc_calendar":[],"footnotes":""},"class_list":["post-15","page","type-page","status-publish","hentry"],"_links":{"self":[{"href":"https:\/\/ghb-hamburg.de\/schwimmen\/wp-json\/wp\/v2\/pages\/15","targetHints":{"allow":["GET"]}}],"collection":[{"href":"https:\/\/ghb-hamburg.de\/schwimmen\/wp-json\/wp\/v2\/pages"}],"about":[{"href":"https:\/\/ghb-hamburg.de\/schwimmen\/wp-json\/wp\/v2\/types\/page"}],"author":[{"embeddable":true,"href":"https:\/\/ghb-hamburg.de\/schwimmen\/wp-json\/wp\/v2\/users\/1"}],"replies":[{"embeddable":true,"href":"https:\/\/ghb-hamburg.de\/schwimmen\/wp-json\/wp\/v2\/comments?post=15"}],"version-history":[{"count":116,"href":"https:\/\/ghb-hamburg.de\/schwimmen\/wp-json\/wp\/v2\/pages\/15\/revisions"}],"predecessor-version":[{"id":2191,"href":"https:\/\/ghb-hamburg.de\/schwimmen\/wp-json\/wp\/v2\/pages\/15\/revisions\/2191"}],"wp:attachment":[{"href":"https:\/\/ghb-hamburg.de\/schwimmen\/wp-json\/wp\/v2\/media?parent=15"}],"curies":[{"name":"wp","href":"https:\/\/api.w.org\/{rel}","templated":true}]}}