{"id":27,"date":"2016-07-19T18:30:10","date_gmt":"2016-07-19T16:30:10","guid":{"rendered":"http:\/\/schwimmen.ghb-hamburg.de\/?page_id=27"},"modified":"2026-04-14T07:32:06","modified_gmt":"2026-04-14T05:32:06","slug":"seepferdchen","status":"publish","type":"page","link":"https:\/\/ghb-hamburg.de\/schwimmen\/seepferdchen\/","title":{"rendered":"Seepferdchen"},"content":{"rendered":"<p><strong>Seepferdchen<\/strong><\/p>\n<p><strong>Ansprechpartnerin:<\/strong> Kerstin Spr\u00e4tz<\/p>\n<p><span style=\"color: #ff0000\">In den Hamburger M\u00e4rzferien findet kein Training statt.<\/span><\/p>\n<p><strong><span style=\"color: #ff0000\">F\u00fcr eine Teilnahme an der Seepferdchengruppe bitte in der <a href=\"https:\/\/ghb-hamburg.de\/geschaeftsstelle\/\">Gesch\u00e4ftsstelle<\/a> (<a href=\"mailto:info@ghb-hamburg.de\">info@ghb-hamburg.de<\/a>) anmelden<br \/><\/span><span style=\"color: #ff0000\">Wir haben leider eine Warteliste. Kinder die heute \u00fcber 5 Jahre alt sind, k\u00f6nnen wir aktuell nicht mehr in die Warteliste aufnehmen.<\/span><\/strong><\/p>\n<p><strong>Trainingszeiten:\u00a0<\/strong><\/p>\n<ul>\n<li>Montags\u00a0 \u00a017:00 bis 18:00 Uhr\u00a0<\/li>\n<li>Mittwochs\u00a0 17:00 bis 18:00 Uhr\u00a0<\/li>\n<\/ul>\n<p><strong style=\"font-size: inherit\">Empfohlenes Alter:<\/strong><span style=\"font-size: inherit\"> ab 5 Jahre bis 8 Jahre<\/span><\/p>\n<p>Kosten: 180 Euro f\u00fcr die Kurzmitgliedschaft im Rahmen der Seepferdchengruppe. Eine F\u00f6rderung \u00fcber das Bildungs- und Teilhabepaket kann nur \u00fcber den Leistungsberechtigten direkt erfolgen, eine Beantragung und Abrechnung durch uns ist leider nicht m\u00f6glich.<\/p>\n<p><strong>Kontakt<\/strong> f\u00fcr aktuelle Gruppen: <a href=\"mailto:Seepferdchen@schwimmen-ghb.de\">Seepferdchen@schwimmen-ghb.de<\/a><br \/>f\u00fcr Interessenten: <a href=\"mailto:info@ghb-hamburg.de\">info@ghb-hamburg.de<\/a><\/p>\n<p><strong>Voraussetzungen:<\/strong><\/p>\n<ul>\n<li>Keine Angst vor dem Wasser<\/li>\n<li>Losl\u00f6sung von den Eltern<\/li>\n<\/ul>\n<p><strong>Trainingsinhalte:<\/strong><\/p>\n<ul>\n<li>Erlernen der Schwimmart Brust um 25m im tiefen Becken zu schwimmen,<\/li>\n<li>Sprung vom Beckenrand, Ring aus brusttiefem Wasser durch Tauchbewegung herausholen<\/li>\n<\/ul>\n<p><strong>Gruppenziel:<\/strong><\/p>\n<ul>\n<li>Erreichen des Abzeichens Seepferdchen<\/li>\n<\/ul>\n<p><strong>Ben\u00f6tigtes Material:<\/strong><\/p>\n<ul>\n<li>Badeanzug \/ Badehose\u00a0 (kein Bikini und keine Badeshorts)<\/li>\n<li>Handtuch<\/li>\n<li>Badelatschen<\/li>\n<li>Duschgel<\/li>\n<li>1\u20ac f\u00fcr den Schrank ( Pfand )<\/li>\n<li>Eventuell Schwimmbrille\/Nasenklammer<\/li>\n<\/ul>\n<p><strong>Folgegruppe: <\/strong>Freischwimmer<\/p>\n<p><strong>Interessiert: Sofort melden bei uns in der Gesch\u00e4ftsstelle:<\/strong><\/p>\n<p>Tel.: 040 411 64 808<br \/>Fax: 040 411 64 809<br \/>Mail:<strong> info@ghb-hamburg.de<\/strong><\/p>\n<p><strong>\u00d6ffnungszeiten der Gesch\u00e4ftsstelle<\/strong><\/p>\n<p>Mo., Di., Do. von 08:00 \u2013 12:00 Uhr<br \/>Mi. Nachmittag 15:00 \u2013 19:00 Uhr<\/p>\n<p>Stand\u00a0 April 2026<\/p>\n\n\n<p><\/p>\n","protected":false},"excerpt":{"rendered":"<p>Seepferdchen Ansprechpartnerin: Kerstin Spr\u00e4tz In den Hamburger M\u00e4rzferien findet kein Training statt. F\u00fcr eine Teilnahme an der Seepferdchengruppe bitte in der Gesch\u00e4ftsstelle (info@ghb-hamburg.de) anmeldenWir haben leider eine Warteliste. Kinder die heute \u00fcber 5 Jahre alt sind, k\u00f6nnen wir aktuell nicht<\/p>\n","protected":false},"author":1,"featured_media":0,"parent":0,"menu_order":0,"comment_status":"closed","ping_status":"closed","template":"","meta":{"_mc_calendar":[],"footnotes":""},"class_list":["post-27","page","type-page","status-publish","hentry"],"_links":{"self":[{"href":"https:\/\/ghb-hamburg.de\/schwimmen\/wp-json\/wp\/v2\/pages\/27","targetHints":{"allow":["GET"]}}],"collection":[{"href":"https:\/\/ghb-hamburg.de\/schwimmen\/wp-json\/wp\/v2\/pages"}],"about":[{"href":"https:\/\/ghb-hamburg.de\/schwimmen\/wp-json\/wp\/v2\/types\/page"}],"author":[{"embeddable":true,"href":"https:\/\/ghb-hamburg.de\/schwimmen\/wp-json\/wp\/v2\/users\/1"}],"replies":[{"embeddable":true,"href":"https:\/\/ghb-hamburg.de\/schwimmen\/wp-json\/wp\/v2\/comments?post=27"}],"version-history":[{"count":55,"href":"https:\/\/ghb-hamburg.de\/schwimmen\/wp-json\/wp\/v2\/pages\/27\/revisions"}],"predecessor-version":[{"id":2171,"href":"https:\/\/ghb-hamburg.de\/schwimmen\/wp-json\/wp\/v2\/pages\/27\/revisions\/2171"}],"wp:attachment":[{"href":"https:\/\/ghb-hamburg.de\/schwimmen\/wp-json\/wp\/v2\/media?parent=27"}],"curies":[{"name":"wp","href":"https:\/\/api.w.org\/{rel}","templated":true}]}}