{"id":43,"date":"2016-07-19T18:31:32","date_gmt":"2016-07-19T16:31:32","guid":{"rendered":"http:\/\/schwimmen.ghb-hamburg.de\/?page_id=43"},"modified":"2025-12-23T15:56:03","modified_gmt":"2025-12-23T14:56:03","slug":"jugend","status":"publish","type":"page","link":"https:\/\/ghb-hamburg.de\/schwimmen\/jugend\/","title":{"rendered":"Jugend"},"content":{"rendered":"<p>Wir bieten f\u00fcr Kinder und Jugendliche Schwimmsport an. Egal ob Leistungssport oder Gelegenheitsschwimmen, f\u00fcr Anf\u00e4nger oder erfahrene Schwimmer. Wer bei uns mitmachen m\u00f6chte ist herzlich willkommen. Bitte einfach unter <a href=\"mailto:spraetzhh@mail.de\">vorschwimmen@schwimmen-ghb.de<\/a> um einen Termin bitten. Wir melden uns dann und schauen danach gemeinsam, welche Gruppe die Richtige ist.<\/p>\n<p>Wer noch keine Kenntnisse auf dem Niveau des Bronzeabzeichens hat, bitte f\u00fcr den n\u00e4chsten Start der Seepferdchen- oder Freischwimmergruppe bei unserer <a href=\"https:\/\/ghb-hamburg.de\/impressum\/\">Gesch\u00e4ftsstelle<\/a> anmelden.<\/p>\n<p>Bei Fragen bitte bei uns melden unter <a href=\"mailto:info@ghb-schwimmen.de\">info@ghb-schwimmen.de<\/a> oder 01522 947 80 70 ( Malte Wolters ).<\/p>\n<p><strong>Aber nicht nur Schwimmen ist uns wichtig<\/strong>. In unserer Gemeinschaft bieten wir schon den Kleinsten spannende Ausfahrten an, auf denen sie wichtige Schritte ins Leben \u00fcben k\u00f6nnen. Mit unseren Grundschulkindern haben wir zum Beispiel vier Ausfahrten mit \u00dcbernachtung im Jahr:<\/p>\n<ul>\n<li>Unsere\u00a0<a href=\"https:\/\/ghb-hamburg.de\/schwimmen\/wp-content\/uploads\/sites\/6\/2022\/03\/ArcheWarder.pdf\" target=\"_blank\" rel=\"noopener\">Maireise <\/a>\u00a0in den Maiferien. Eigentlich ganz ohne Schwimmen, aber mit viel Spa\u00df und dem Sportabzeichen.<\/li>\n<li>Unsere Fahrt nach <strong>Bremen<\/strong> im Februar mit einem \u00dcberraschungsprogramm.<\/li>\n<li>Das <a href=\"http:\/\/sc-altwarmbuechen.de\/adventschwimmen\/\">Adventsschwimmen<\/a> in Isernhagen mit unseren Freunden vom SC Altwarmb\u00fcchen<\/li>\n<li>Unsere Sommer-Ausfahrt mit Zelten im Waldbad zum <a href=\"https:\/\/www.tus08-schwimmen.de\/senne-pokal\/\">Sennepoka<\/a>l im Bielefelder Stadtbezirk Senne.<\/li>\n<\/ul>\n<p>\u00dcber Infos und Anmeldung informieren wir rechtzeitig vor den Ausfahrten.<\/p>\n<p>Der Schutz von Kindern und Jugendlichen ist uns sehr wichtig. Daher engagieren wir uns auch bei der Pr\u00e4vention sexualisierter Gewalt. Die Ma\u00dfnahmen des Vereins sind <a href=\"https:\/\/ghb-hamburg.de\/ueber-uns\/sample-page-2\/\">hier beschrieben<\/a>.<\/p>\n<p>Stand 23.12.2025<\/p>\n<hr \/>\n<p>Unsere Maireise 2022 f\u00fchrte uns in die <a href=\"https:\/\/www.arche-warder.de\" target=\"_blank\" rel=\"noopener\">Arche Warder.<\/a> Mit viel Spa\u00df haben wir die Tiere bewundert und gef\u00fcttert, einen Geburtstag gefeiert und sind zur Badestelle gegangen um den Temperaturen zum Trotz zur Badeinsel zu schwimmen. Sehr erfolgreich haben wir beim Sportabzeichen abgeschnitten und die Tierparkrallye absolviert. Von der Abfahrt am Samstag bis zur R\u00fcckkehr am Mittwoch Mittag haben wir eine tolle Zeit genossen. Hier sind Impressionen von unserer <a href=\"https:\/\/ghb-hamburg.de\/schwimmen\/wp-content\/uploads\/sites\/6\/2022\/05\/WEGX0409.mp4\" target=\"_blank\" rel=\"noopener\">Reise<\/a>.<\/p>\n<p>Zum Sennepokal 2022 konnten wir nach 2 Jahren Pause endlich wieder fahren. Bei tollem Wetter hatten wir einen sehr sch\u00f6nen Wettkampf. Wir wurden herzlichst empfangen, die &#8222;Wilms&#8220; haben uns lecker und kr\u00e4ftigend versorgt und wir haben den tollen zweiten Platz in der Gesamtwertung erreicht. Eine sch\u00f6ne Geste bei dem Wettkampf: Immer wenn eines unserer ukrainischen Schwimmer gestartet ist, wurde der Lauf in Ukrainisch gestartet und es hie\u00df &#8222;\u043d\u0430 \u0441\u0442\u0430\u0440\u0442&#8220;.<\/p>\n<p>Unsere unterbrochenen j\u00e4hrlichen Fahrten nach Bremen haben wir mit gro\u00dfer Freude wieder aufgenommen. Minigolf im Dunkeln am Freitag und ein toller Wettkampf am Samstag. Diesmal in einer funkelnagelneuen Schwimmhalle als Ausweichquartier unserer erstklassigen Freunde des <a href=\"https:\/\/svweser.de\/freizeit\/vereinsheim\/\">SV Weser<\/a> mit tollen Startbl\u00f6cken und eine elektronischen Anzeigetafel, in der die Namen der Teilnehmenden jedes Laufes zu sehen waren. Ein Fotomotiv vieler Eltern die dort waren.<\/p>\n","protected":false},"excerpt":{"rendered":"<p>Wir bieten f\u00fcr Kinder und Jugendliche Schwimmsport an. Egal ob Leistungssport oder Gelegenheitsschwimmen, f\u00fcr Anf\u00e4nger oder erfahrene Schwimmer. Wer bei uns mitmachen m\u00f6chte ist herzlich willkommen. Bitte einfach unter vorschwimmen@schwimmen-ghb.de um einen Termin bitten. Wir melden uns dann und schauen<\/p>\n","protected":false},"author":1,"featured_media":0,"parent":0,"menu_order":0,"comment_status":"closed","ping_status":"closed","template":"","meta":{"_mc_calendar":[],"footnotes":""},"class_list":["post-43","page","type-page","status-publish","hentry"],"_links":{"self":[{"href":"https:\/\/ghb-hamburg.de\/schwimmen\/wp-json\/wp\/v2\/pages\/43","targetHints":{"allow":["GET"]}}],"collection":[{"href":"https:\/\/ghb-hamburg.de\/schwimmen\/wp-json\/wp\/v2\/pages"}],"about":[{"href":"https:\/\/ghb-hamburg.de\/schwimmen\/wp-json\/wp\/v2\/types\/page"}],"author":[{"embeddable":true,"href":"https:\/\/ghb-hamburg.de\/schwimmen\/wp-json\/wp\/v2\/users\/1"}],"replies":[{"embeddable":true,"href":"https:\/\/ghb-hamburg.de\/schwimmen\/wp-json\/wp\/v2\/comments?post=43"}],"version-history":[{"count":69,"href":"https:\/\/ghb-hamburg.de\/schwimmen\/wp-json\/wp\/v2\/pages\/43\/revisions"}],"predecessor-version":[{"id":2122,"href":"https:\/\/ghb-hamburg.de\/schwimmen\/wp-json\/wp\/v2\/pages\/43\/revisions\/2122"}],"wp:attachment":[{"href":"https:\/\/ghb-hamburg.de\/schwimmen\/wp-json\/wp\/v2\/media?parent=43"}],"curies":[{"name":"wp","href":"https:\/\/api.w.org\/{rel}","templated":true}]}}